{"id":20995,"date":"2018-12-02T22:32:23","date_gmt":"2021-05-05T14:32:05","guid":{"rendered":"https:\/\/staging.pethelp.pl\/?post_type=product&#038;p=20995"},"modified":"2021-09-07T16:13:38","modified_gmt":"2021-09-07T14:13:38","slug":"pakiet-platinum-dla-kota","status":"publish","type":"product","link":"https:\/\/staging.pethelp.pl\/en\/oferta\/pakiet-platinum-dla-kota\/","title":{"rendered":"Platinum package for a cat"},"excerpt":{"rendered":"<p><a href=\"https:\/\/pethelp.pl\/wp-content\/uploads\/2020\/02\/za\u0142\u0105cznik-numer-2-do-regulaminu-dla-w\u0142a\u015bcicieli-zakres-pakietu-PLATINUM-kot.pdf\">szczeg\u00f3\u0142owy zakres pakietu PLATINUM kot<\/a><\/p>\n","protected":false},"featured_media":0,"template":"","meta":{"inline_featured_image":false},"product_cat":[1223],"product_tag":[],"_links":{"self":[{"href":"https:\/\/staging.pethelp.pl\/en\/wp-json\/wp\/v2\/product\/20995"}],"collection":[{"href":"https:\/\/staging.pethelp.pl\/en\/wp-json\/wp\/v2\/product"}],"about":[{"href":"https:\/\/staging.pethelp.pl\/en\/wp-json\/wp\/v2\/types\/product"}],"wp:attachment":[{"href":"https:\/\/staging.pethelp.pl\/en\/wp-json\/wp\/v2\/media?parent=20995"}],"wp:term":[{"taxonomy":"product_cat","embeddable":true,"href":"https:\/\/staging.pethelp.pl\/en\/wp-json\/wp\/v2\/product_cat?post=20995"},{"taxonomy":"product_tag","embeddable":true,"href":"https:\/\/staging.pethelp.pl\/en\/wp-json\/wp\/v2\/product_tag?post=20995"}],"curies":[{"name":"wp","href":"https:\/\/api.w.org\/{rel}","templated":true}]}}